{"id":110,"date":"2018-10-18T02:24:20","date_gmt":"2018-10-18T02:24:20","guid":{"rendered":"https:\/\/woostify.com\/demos\/urbanstyle\/?post_type=product&#038;p=110"},"modified":"2024-03-22T15:04:34","modified_gmt":"2024-03-22T14:04:34","slug":"bluza-meska","status":"publish","type":"product","link":"https:\/\/ekipanatripa.pl\/sklep\/index.php\/product\/bluza-meska\/","title":{"rendered":"Bluza m\u0119ska"},"content":{"rendered":"<div class=\"woocommerce-product-details__short-description\">\n<div id=\"cib-chat-main\" class=\"main\">\n<div class=\"message\">\n<div class=\"content\" tabindex=\"0\" aria-description=\"\">\n<div class=\"ac-container ac-adaptiveCard\">\n<div class=\"ac-textBlock\">\n<p>Bluza firmy Ekipa na Tripa to lu\u017any dres, kt\u00f3ry jest idealny dla podr\u00f3\u017cnik\u00f3w. Jest ciep\u0142y, wygodny i pasuje do wszystkiego. Ma czarny, minimalistyczny kr\u00f3j z nadrukami po obu stronach &#8211; z przodu znajduje si\u0119 inspiruj\u0105cy napis \u201cDreams Into Memories\u201d, a z ty\u0142u logo Solist\u00f3w. Na ramieniu bluzy umieszczony jest ma\u0142y element narodowy, co jest wyrazem dumy z faktu, \u017ce firma powsta\u0142a w Polsce. Bluza zosta\u0142a wykonana z wysokiej jako\u015bci bawe\u0142ny, a nadruki zosta\u0142y wykonane metod\u0105 sitodruku, co gwarantuje ich trwa\u0142o\u015b\u0107 nawet po wielu praniach. Dodatkowo, bluza posiada wygodny kaptur i praktyczn\u0105 kiesze\u0144 kangurka, co zwi\u0119ksza jej funkcjonalno\u015b\u0107 podczas podr\u00f3\u017cy.<\/p>\n<\/div>\n<\/div>\n<\/div>\n<\/div>\n<\/div>\n<\/div>\n","protected":false},"excerpt":{"rendered":"<p>Qui, explicabo eius nisi fugit repudiandae, quos voluptates, beatae ullam consectetur ducimus itaque! Tempore provident eligendi sed ipsum ea. Reiciendis nulla neque sapiente, totam veritatis non? Odio, quaerat.<\/p>\n","protected":false},"featured_media":825,"comment_status":"open","ping_status":"closed","template":"","meta":[],"product_cat":[37],"product_tag":[34,36,43],"class_list":{"0":"post-110","1":"product","2":"type-product","3":"status-publish","4":"has-post-thumbnail","6":"product_cat-odziez","7":"product_tag-fashion","8":"product_tag-man","9":"product_tag-summer","11":"first","12":"instock","13":"shipping-taxable","14":"purchasable","15":"product-type-simple"},"_links":{"self":[{"href":"https:\/\/ekipanatripa.pl\/sklep\/index.php\/wp-json\/wp\/v2\/product\/110","targetHints":{"allow":["GET"]}}],"collection":[{"href":"https:\/\/ekipanatripa.pl\/sklep\/index.php\/wp-json\/wp\/v2\/product"}],"about":[{"href":"https:\/\/ekipanatripa.pl\/sklep\/index.php\/wp-json\/wp\/v2\/types\/product"}],"replies":[{"embeddable":true,"href":"https:\/\/ekipanatripa.pl\/sklep\/index.php\/wp-json\/wp\/v2\/comments?post=110"}],"wp:featuredmedia":[{"embeddable":true,"href":"https:\/\/ekipanatripa.pl\/sklep\/index.php\/wp-json\/wp\/v2\/media\/825"}],"wp:attachment":[{"href":"https:\/\/ekipanatripa.pl\/sklep\/index.php\/wp-json\/wp\/v2\/media?parent=110"}],"wp:term":[{"taxonomy":"product_cat","embeddable":true,"href":"https:\/\/ekipanatripa.pl\/sklep\/index.php\/wp-json\/wp\/v2\/product_cat?post=110"},{"taxonomy":"product_tag","embeddable":true,"href":"https:\/\/ekipanatripa.pl\/sklep\/index.php\/wp-json\/wp\/v2\/product_tag?post=110"}],"curies":[{"name":"wp","href":"https:\/\/api.w.org\/{rel}","templated":true}]}}