{"id":113,"date":"2018-10-18T02:29:02","date_gmt":"2018-10-18T02:29:02","guid":{"rendered":"https:\/\/woostify.com\/demos\/urbanstyle\/?post_type=product&#038;p=113"},"modified":"2024-03-22T14:54:39","modified_gmt":"2024-03-22T13:54:39","slug":"koszulka-meska","status":"publish","type":"product","link":"https:\/\/ekipanatripa.pl\/sklep\/index.php\/product\/koszulka-meska\/","title":{"rendered":"Koszulka m\u0119ska"},"content":{"rendered":"<div class=\"woocommerce-product-details__short-description\">\n<div id=\"cib-chat-main\" class=\"main\">\n<div class=\"message\">\n<div class=\"content\" tabindex=\"0\" aria-description=\"\">\n<div class=\"ac-container ac-adaptiveCard\">\n<div class=\"ac-textBlock\">\n<p>Koszulka firmy Ekipa na Tripa to lu\u017any T-shirt, kt\u00f3ry jest idealny dla podr\u00f3\u017cnik\u00f3w. Jest przewiewny, wygodny i pasuje do wszystkiego. Ma czarny, minimalistyczny kr\u00f3j z nadrukami po obu stronach, z przodu znajduje si\u0119 ma\u0142e logo firmy\u00a0 \u201cKlub Podr\u00f3\u017cnik\u00f3w &#8211; EKIPA NA TRIPA\u201d, a z ty\u0142u du\u017ce logo firmowe. Koszulka zosta\u0142a wykonana z wysokiej jako\u015bci bawe\u0142ny, a nadruki zosta\u0142y wykonane metod\u0105 sitodruku, co gwarantuje ich trwa\u0142o\u015b\u0107 nawet po wielu praniach.<\/p>\n<\/div>\n<\/div>\n<\/div>\n<\/div>\n<\/div>\n<\/div>\n","protected":false},"excerpt":{"rendered":"<div class=\"woocommerce-product-details__short-description\">\n<div id=\"cib-chat-main\" class=\"main\">\n<div class=\"message\">\n<div class=\"content\" tabindex=\"0\" aria-description=\"\">\n<div class=\"ac-container ac-adaptiveCard\">\n<div class=\"ac-textBlock\">\n<p>Koszulka firmy Ekipa na Tripa to lu\u017any T-shirt, kt\u00f3ry jest idealny dla podr\u00f3\u017cnik\u00f3w. Jest przewiewny, wygodny i pasuje do wszystkiego. Ma czarny, minimalistyczny kr\u00f3j z nadrukami po obu stronach, z przodu znajduje si\u0119 ma\u0142e logo firmy\u00a0 \u201cKlub Podr\u00f3\u017cnik\u00f3w &#8211; EKIPA NA TRIPA\u201d, a z ty\u0142u du\u017ce logo firmowe. Koszulka zosta\u0142a wykonana z wysokiej jako\u015bci bawe\u0142ny, a nadruki zosta\u0142y wykonane metod\u0105 sitodruku, co gwarantuje ich trwa\u0142o\u015b\u0107 nawet po wielu praniach.<\/p>\n<\/div>\n<\/div>\n<\/div>\n<\/div>\n<\/div>\n<\/div>\n","protected":false},"featured_media":824,"comment_status":"open","ping_status":"closed","template":"","meta":[],"product_cat":[37],"product_tag":[34,36,43],"class_list":{"0":"post-113","1":"product","2":"type-product","3":"status-publish","4":"has-post-thumbnail","6":"product_cat-odziez","7":"product_tag-fashion","8":"product_tag-man","9":"product_tag-summer","11":"first","12":"instock","13":"shipping-taxable","14":"purchasable","15":"product-type-simple"},"_links":{"self":[{"href":"https:\/\/ekipanatripa.pl\/sklep\/index.php\/wp-json\/wp\/v2\/product\/113","targetHints":{"allow":["GET"]}}],"collection":[{"href":"https:\/\/ekipanatripa.pl\/sklep\/index.php\/wp-json\/wp\/v2\/product"}],"about":[{"href":"https:\/\/ekipanatripa.pl\/sklep\/index.php\/wp-json\/wp\/v2\/types\/product"}],"replies":[{"embeddable":true,"href":"https:\/\/ekipanatripa.pl\/sklep\/index.php\/wp-json\/wp\/v2\/comments?post=113"}],"wp:featuredmedia":[{"embeddable":true,"href":"https:\/\/ekipanatripa.pl\/sklep\/index.php\/wp-json\/wp\/v2\/media\/824"}],"wp:attachment":[{"href":"https:\/\/ekipanatripa.pl\/sklep\/index.php\/wp-json\/wp\/v2\/media?parent=113"}],"wp:term":[{"taxonomy":"product_cat","embeddable":true,"href":"https:\/\/ekipanatripa.pl\/sklep\/index.php\/wp-json\/wp\/v2\/product_cat?post=113"},{"taxonomy":"product_tag","embeddable":true,"href":"https:\/\/ekipanatripa.pl\/sklep\/index.php\/wp-json\/wp\/v2\/product_tag?post=113"}],"curies":[{"name":"wp","href":"https:\/\/api.w.org\/{rel}","templated":true}]}}